{"id":63,"date":"2023-03-16T13:19:00","date_gmt":"2023-03-16T12:19:00","guid":{"rendered":"http:\/\/sppnti.pl\/?page_id=63"},"modified":"2023-03-16T13:50:27","modified_gmt":"2023-03-16T12:50:27","slug":"formularz-zgloszeniowy","status":"publish","type":"page","link":"https:\/\/sppnti.pl\/en\/formularz-zgloszeniowy\/","title":{"rendered":"Application Form"},"content":{"rendered":"<div class=\"wpforms-container wpforms-container-full\" id=\"wpforms-77\"><form id=\"wpforms-form-77\" class=\"wpforms-validate wpforms-form wpforms-ajax-form\" data-formid=\"77\" method=\"post\" enctype=\"multipart\/form-data\" action=\"\/en\/wp-json\/wp\/v2\/pages\/63\" data-token=\"9bcda9e80978c624f2cec349f9593ebd\" data-trp-original-action=\"\/en\/wp-json\/wp\/v2\/pages\/63\"><noscript class=\"wpforms-error-noscript\">Please enable JavaScript in your browser to complete this form.<\/noscript><div class=\"wpforms-field-container\"><div id=\"wpforms-77-field_1-container\" class=\"wpforms-field wpforms-field-text\" data-field-id=\"1\"><label class=\"wpforms-field-label\" for=\"wpforms-77-field_1\">Tytu\u0142\/stopie\u0144 naukowy<\/label><input type=\"text\" id=\"wpforms-77-field_1\" class=\"wpforms-field-medium\" name=\"wpforms[fields][1]\" ><\/div><div id=\"wpforms-77-field_2-container\" class=\"wpforms-field wpforms-field-name\" data-field-id=\"2\"><label class=\"wpforms-field-label\" for=\"wpforms-77-field_2\">Imi\u0119 i Nazwisko <span class=\"wpforms-required-label\">*<\/span><\/label><div class=\"wpforms-field-row wpforms-field-medium\"><div class=\"wpforms-field-row-block wpforms-first wpforms-one-half\"><input type=\"text\" id=\"wpforms-77-field_2\" class=\"wpforms-field-name-first wpforms-field-required\" name=\"wpforms[fields][2][first]\" required><label for=\"wpforms-77-field_2\" class=\"wpforms-field-sublabel after\">First<\/label><\/div><div class=\"wpforms-field-row-block wpforms-one-half\"><input type=\"text\" id=\"wpforms-77-field_2-last\" class=\"wpforms-field-name-last wpforms-field-required\" name=\"wpforms[fields][2][last]\" required><label for=\"wpforms-77-field_2-last\" class=\"wpforms-field-sublabel after\">Last<\/label><\/div><\/div><\/div><div id=\"wpforms-77-field_3-container\" class=\"wpforms-field wpforms-field-email\" data-field-id=\"3\"><label class=\"wpforms-field-label\" for=\"wpforms-77-field_3\">Email <span class=\"wpforms-required-label\">*<\/span><\/label><input type=\"email\" id=\"wpforms-77-field_3\" class=\"wpforms-field-medium wpforms-field-required\" name=\"wpforms[fields][3]\" required><\/div><div id=\"wpforms-77-field_4-container\" class=\"wpforms-field wpforms-field-text\" data-field-id=\"4\"><label class=\"wpforms-field-label\" for=\"wpforms-77-field_4\">Telefon kontaktowy <span class=\"wpforms-required-label\">*<\/span><\/label><input type=\"text\" id=\"wpforms-77-field_4\" class=\"wpforms-field-medium wpforms-field-required\" name=\"wpforms[fields][4]\" required><\/div><div id=\"wpforms-77-field_7-container\" class=\"wpforms-field wpforms-field-textarea\" data-field-id=\"7\"><label class=\"wpforms-field-label\" for=\"wpforms-77-field_7\">Dane do faktury <span class=\"wpforms-required-label\">*<\/span><\/label><textarea id=\"wpforms-77-field_7\" class=\"wpforms-field-medium wpforms-field-required\" name=\"wpforms[fields][7]\" required><\/textarea><\/div><div id=\"wpforms-77-field_8-container\" class=\"wpforms-field wpforms-field-textarea\" data-field-id=\"8\"><label class=\"wpforms-field-label\" for=\"wpforms-77-field_8\">Adres do korespondencji, je\u015bli inny ni\u017c podany do faktury<\/label><textarea id=\"wpforms-77-field_8\" class=\"wpforms-field-medium\" name=\"wpforms[fields][8]\" ><\/textarea><\/div><div id=\"wpforms-77-field_9-container\" class=\"wpforms-field wpforms-field-text\" data-field-id=\"9\"><label class=\"wpforms-field-label\" for=\"wpforms-77-field_9\">Temat pracy<\/label><input type=\"text\" id=\"wpforms-77-field_9\" class=\"wpforms-field-medium\" name=\"wpforms[fields][9]\" ><\/div><div id=\"wpforms-77-field_10-container\" class=\"wpforms-field wpforms-field-text\" data-field-id=\"10\"><label class=\"wpforms-field-label\" for=\"wpforms-77-field_10\">Autorzy<\/label><input type=\"text\" id=\"wpforms-77-field_10\" class=\"wpforms-field-medium\" name=\"wpforms[fields][10]\" ><\/div><div id=\"wpforms-77-field_11-container\" class=\"wpforms-field wpforms-field-checkbox\" data-field-id=\"11\"><label class=\"wpforms-field-label\" for=\"wpforms-77-field_11\">Regulamin, RODO i przetwarzanie danych <span class=\"wpforms-required-label\">*<\/span><\/label><ul id=\"wpforms-77-field_11\" class=\"wpforms-field-required\"><li class=\"choice-1 depth-1\"><input type=\"checkbox\" id=\"wpforms-77-field_11_1\" name=\"wpforms[fields][11][]\" value=\"Wyra\u017cam zgod\u0119 na przetwarzanie swoich danych osobowych przez Organizatora Wystawy w celu organizacji wystawy. Zapewniamy, \u017ce dane nie b\u0119d\u0105 udost\u0119pniane innym firmom bez Pa\u0144stwa zgody i wiedzy. Przes\u0142anie zg\u0142oszenia oznacza jednoczesn\u0105 akceptacj\u0119 Regulaminu wystawy oraz Zgody na przetwarzanie danych osobowych i wykorzystanie wizerunku (RODO).\" required><label class=\"wpforms-field-label-inline\" for=\"wpforms-77-field_11_1\">Wyra\u017cam zgod\u0119 na przetwarzanie swoich danych osobowych przez Organizatora Wystawy w celu organizacji wystawy. Zapewniamy, \u017ce dane nie b\u0119d\u0105 udost\u0119pniane innym firmom bez Pa\u0144stwa zgody i wiedzy. Przes\u0142anie zg\u0142oszenia oznacza jednoczesn\u0105 akceptacj\u0119 Regulaminu wystawy oraz Zgody na przetwarzanie danych osobowych i wykorzystanie wizerunku (RODO).<\/label><\/li><\/ul><\/div><\/div><div class=\"wpforms-submit-container\"><input type=\"hidden\" name=\"wpforms[id]\" value=\"77\"><input type=\"hidden\" name=\"wpforms[author]\" value=\"1\"><button type=\"submit\" name=\"wpforms[submit]\" id=\"wpforms-submit-77\" class=\"wpforms-submit\" data-alt-text=\"Sending...\" data-submit-text=\"Submit\" aria-live=\"assertive\" value=\"wpforms-submit\">Submit<\/button><img src=\"https:\/\/sppnti.pl\/wp-content\/plugins\/wpforms-lite\/assets\/images\/submit-spin.svg\" class=\"wpforms-submit-spinner\" style=\"display: none;\" width=\"26\" height=\"26\" alt=\"Loading\"><\/div><input type=\"hidden\" name=\"trp-form-language\" value=\"en\"\/><\/form><\/div>  <!-- .wpforms-container -->","protected":false},"excerpt":{"rendered":"<div class=\"mh-excerpt\"><\/div>","protected":false},"author":1,"featured_media":0,"parent":0,"menu_order":0,"comment_status":"closed","ping_status":"closed","template":"","meta":[],"_links":{"self":[{"href":"https:\/\/sppnti.pl\/en\/wp-json\/wp\/v2\/pages\/63"}],"collection":[{"href":"https:\/\/sppnti.pl\/en\/wp-json\/wp\/v2\/pages"}],"about":[{"href":"https:\/\/sppnti.pl\/en\/wp-json\/wp\/v2\/types\/page"}],"author":[{"embeddable":true,"href":"https:\/\/sppnti.pl\/en\/wp-json\/wp\/v2\/users\/1"}],"replies":[{"embeddable":true,"href":"https:\/\/sppnti.pl\/en\/wp-json\/wp\/v2\/comments?post=63"}],"version-history":[{"count":3,"href":"https:\/\/sppnti.pl\/en\/wp-json\/wp\/v2\/pages\/63\/revisions"}],"predecessor-version":[{"id":84,"href":"https:\/\/sppnti.pl\/en\/wp-json\/wp\/v2\/pages\/63\/revisions\/84"}],"wp:attachment":[{"href":"https:\/\/sppnti.pl\/en\/wp-json\/wp\/v2\/media?parent=63"}],"curies":[{"name":"wp","href":"https:\/\/api.w.org\/{rel}","templated":true}]}}