{"id":61,"date":"2023-03-16T13:19:00","date_gmt":"2023-03-16T12:19:00","guid":{"rendered":"http:\/\/sppnti.pl\/?page_id=61"},"modified":"2023-03-26T21:01:43","modified_gmt":"2023-03-26T19:01:43","slug":"terminy-i-oplaty","status":"publish","type":"page","link":"https:\/\/sppnti.pl\/en\/terminy-i-oplaty\/","title":{"rendered":"Terminy i op\u0142aty"},"content":{"rendered":"<p>Data Wystawy: 29.06.2023<\/p>\n\n\n\n<p>Rejestracja uczestnik\u00f3w: 1.04.2023 &#8211; 15.06.2023<\/p>\n\n\n\n<p>Do 20.06.2023 &#8211; dokonanie op\u0142aty za udzia\u0142 w Wystawie<\/p>\n\n\n\n<p>Wysoko\u015b\u0107 op\u0142aty: 200 z\u0142, ulgowa 100 z\u0142 (Registration fee: 50 USD, reduced 25 USD)<\/p>\n\n\n\n<p><\/p>\n\n\n\n<p>Stowarzyszenie Promocji Polskiej Nauki, Techniki i Innowacji<\/p>\n\n\n\n<p>Nr konta bankowego:<\/p>\n\n\n\n<p>45 1140 2004 0000 3102 8336\u00a02403<\/p>","protected":false},"excerpt":{"rendered":"<div class=\"mh-excerpt\"><p>Data Wystawy: 29.06.2023 Rejestracja uczestnik\u00f3w: 1.04.2023 &#8211; 15.06.2023 Do 20.06.2023 &#8211; dokonanie op\u0142aty za udzia\u0142 w Wystawie Wysoko\u015b\u0107 op\u0142aty: 200 z\u0142, ulgowa 100 z\u0142 (Registration <a class=\"mh-excerpt-more\" href=\"https:\/\/sppnti.pl\/en\/terminy-i-oplaty\/\" title=\"Terminy i op\u0142aty\">[&#8230;]<\/a><\/p>\n<\/div>","protected":false},"author":1,"featured_media":0,"parent":0,"menu_order":0,"comment_status":"closed","ping_status":"closed","template":"","meta":[],"_links":{"self":[{"href":"https:\/\/sppnti.pl\/en\/wp-json\/wp\/v2\/pages\/61"}],"collection":[{"href":"https:\/\/sppnti.pl\/en\/wp-json\/wp\/v2\/pages"}],"about":[{"href":"https:\/\/sppnti.pl\/en\/wp-json\/wp\/v2\/types\/page"}],"author":[{"embeddable":true,"href":"https:\/\/sppnti.pl\/en\/wp-json\/wp\/v2\/users\/1"}],"replies":[{"embeddable":true,"href":"https:\/\/sppnti.pl\/en\/wp-json\/wp\/v2\/comments?post=61"}],"version-history":[{"count":3,"href":"https:\/\/sppnti.pl\/en\/wp-json\/wp\/v2\/pages\/61\/revisions"}],"predecessor-version":[{"id":92,"href":"https:\/\/sppnti.pl\/en\/wp-json\/wp\/v2\/pages\/61\/revisions\/92"}],"wp:attachment":[{"href":"https:\/\/sppnti.pl\/en\/wp-json\/wp\/v2\/media?parent=61"}],"curies":[{"name":"wp","href":"https:\/\/api.w.org\/{rel}","templated":true}]}}