{"id":60,"date":"2023-03-16T13:19:00","date_gmt":"2023-03-16T12:19:00","guid":{"rendered":"http:\/\/sppnti.pl\/?page_id=60"},"modified":"2023-06-01T12:49:24","modified_gmt":"2023-06-01T10:49:24","slug":"komitet-organizacyjny","status":"publish","type":"page","link":"https:\/\/sppnti.pl\/en\/komitet-organizacyjny\/","title":{"rendered":"Komitet Organizacyjny"},"content":{"rendered":"<p>Dr hab. Marcin Nabia\u0142ek, prof. PCz \u2013 przewodnicz\u0105cy<br>Dr in\u017c. Bart\u0142omiej Je\u017c \u2013 wiceprzewodnicz\u0105cy<br>Dr hab. in\u017c. Przemys\u0142aw Postawa, prof. PCz \u2013\u00a0kontakt z mediami<br>Dr hab. Katarzyna B\u0142och, prof. PCz \u2013 sekretarz<br>Dr in\u017c. Artur Hutny<br>Dr in\u017c. Pawe\u0142 Pietrusiewicz<br>Dr Joanna Gondro<br>Dr in\u017c. Sebastian Garus<br>Dr hab. in\u017c. Wojciech Sochacki, prof. PCz<br>Mgr in\u017c. Kinga Je\u017c<br>Assoc. Prof. Dr. Eng.\u00a0Andrei Victor SANDU, Romanian Inventors Forum\u00a0&amp; Faculty of Materials Science and Engineering, Gheorghe Asachi Technical University of Iasi, Romania<\/p>\n\n\n\n<p><\/p>","protected":false},"excerpt":{"rendered":"<div class=\"mh-excerpt\"><p>Dr hab. Marcin Nabia\u0142ek, prof. PCz \u2013 przewodnicz\u0105cyDr in\u017c. Bart\u0142omiej Je\u017c \u2013 wiceprzewodnicz\u0105cyDr hab. in\u017c. Przemys\u0142aw Postawa, prof. PCz \u2013\u00a0kontakt z mediamiDr hab. Katarzyna B\u0142och, <a class=\"mh-excerpt-more\" href=\"https:\/\/sppnti.pl\/en\/komitet-organizacyjny\/\" title=\"Komitet Organizacyjny\">[&#8230;]<\/a><\/p>\n<\/div>","protected":false},"author":1,"featured_media":0,"parent":0,"menu_order":0,"comment_status":"closed","ping_status":"closed","template":"","meta":[],"_links":{"self":[{"href":"https:\/\/sppnti.pl\/en\/wp-json\/wp\/v2\/pages\/60"}],"collection":[{"href":"https:\/\/sppnti.pl\/en\/wp-json\/wp\/v2\/pages"}],"about":[{"href":"https:\/\/sppnti.pl\/en\/wp-json\/wp\/v2\/types\/page"}],"author":[{"embeddable":true,"href":"https:\/\/sppnti.pl\/en\/wp-json\/wp\/v2\/users\/1"}],"replies":[{"embeddable":true,"href":"https:\/\/sppnti.pl\/en\/wp-json\/wp\/v2\/comments?post=60"}],"version-history":[{"count":5,"href":"https:\/\/sppnti.pl\/en\/wp-json\/wp\/v2\/pages\/60\/revisions"}],"predecessor-version":[{"id":151,"href":"https:\/\/sppnti.pl\/en\/wp-json\/wp\/v2\/pages\/60\/revisions\/151"}],"wp:attachment":[{"href":"https:\/\/sppnti.pl\/en\/wp-json\/wp\/v2\/media?parent=60"}],"curies":[{"name":"wp","href":"https:\/\/api.w.org\/{rel}","templated":true}]}}