{"id":59,"date":"2023-03-16T13:19:00","date_gmt":"2023-03-16T12:19:00","guid":{"rendered":"http:\/\/sppnti.pl\/?page_id=59"},"modified":"2023-06-01T13:02:48","modified_gmt":"2023-06-01T11:02:48","slug":"komitet-naukowy","status":"publish","type":"page","link":"https:\/\/sppnti.pl\/en\/komitet-naukowy\/","title":{"rendered":"Komitet naukowy"},"content":{"rendered":"<p>Prof. Dr. <strong>Mohd Mustafa Al Bakri ABDULLAH<\/strong>,\u00a0Universiti Malaysia Perlis &amp; Malaysian Research &amp; Innovation Society (Malezja) \u2013 Chairman<\/p>\n\n\n\n<p>Prof. dr hab. in\u017c. <strong>Jerzy J. Wys\u0142ocki<\/strong>, Vice-chairman<br>dr hab. in\u017c. <strong>Marek Warzecha<\/strong>, prof. PCz, Vice-chairman<\/p>\n\n\n\n<p>Assoc. Prof. Dr. <strong>Andrei Victor Sandu<\/strong>,\u00a0Gheorghe Asachi Technical University of Iasi (Rumunia)<br>Assoc. Prof. Dr. Eng. <strong>Tomasz Ta\u0144ski<\/strong>, Kierownik Katedry Materia\u0142\u00f3w In\u017cynierskich i Biomedycznych Politechniki \u015al\u0105skiej<br>Assoc. Prof. Dr. Eng. <strong>Przemys\u0142aw Postawa<\/strong>, Kierownik Katedry Technologii i Automatyzacji Politechniki Cz\u0119stochowskiej<br>Prof. Dr. Eng. <strong>Adam Zieli\u0144ski<\/strong>, Dyrektor Instytutu Metalurgii \u017belaza<br>Prof. Dr. Eng. <strong>Petrica Vizureanu<\/strong>, Gheorghe Asachi Technical University of Iasi (Rumunia)<br><strong>Yang Lung Shih<\/strong>, Director of International Development of WIIPA<br>Assoc. Prof. Dr., <strong>Marcin Nabia\u0142ek<\/strong>, Katedra Fizyki Politechniki Cz\u0119stochowskiej<br>Dr Eng. <strong>Bart\u0142omiej Je\u017c<\/strong>, Katedra Technologii i Automatyzacji Politechniki Cz\u0119stochowskiej<br>Assoc. Prof. Dr., <strong>Katarzyna B\u0142och<\/strong>, Katedra Fizyki Politechniki Cz\u0119stochowskiej<br>Dr in\u017c. <strong>Sebastian Garus<\/strong>, Czestochowa University of Technology, PL<br>Prof. Dr. <strong>Gultekin Goller<\/strong>, Istanbul Technical University, TR<\/p>","protected":false},"excerpt":{"rendered":"<div class=\"mh-excerpt\"><p>Prof. Dr. Mohd Mustafa Al Bakri ABDULLAH,\u00a0Universiti Malaysia Perlis &amp; Malaysian Research &amp; Innovation Society (Malezja) \u2013 Chairman Prof. dr hab. in\u017c. Jerzy J. Wys\u0142ocki, <a class=\"mh-excerpt-more\" href=\"https:\/\/sppnti.pl\/en\/komitet-naukowy\/\" title=\"Komitet naukowy\">[&#8230;]<\/a><\/p>\n<\/div>","protected":false},"author":1,"featured_media":0,"parent":0,"menu_order":0,"comment_status":"closed","ping_status":"closed","template":"","meta":[],"_links":{"self":[{"href":"https:\/\/sppnti.pl\/en\/wp-json\/wp\/v2\/pages\/59"}],"collection":[{"href":"https:\/\/sppnti.pl\/en\/wp-json\/wp\/v2\/pages"}],"about":[{"href":"https:\/\/sppnti.pl\/en\/wp-json\/wp\/v2\/types\/page"}],"author":[{"embeddable":true,"href":"https:\/\/sppnti.pl\/en\/wp-json\/wp\/v2\/users\/1"}],"replies":[{"embeddable":true,"href":"https:\/\/sppnti.pl\/en\/wp-json\/wp\/v2\/comments?post=59"}],"version-history":[{"count":7,"href":"https:\/\/sppnti.pl\/en\/wp-json\/wp\/v2\/pages\/59\/revisions"}],"predecessor-version":[{"id":157,"href":"https:\/\/sppnti.pl\/en\/wp-json\/wp\/v2\/pages\/59\/revisions\/157"}],"wp:attachment":[{"href":"https:\/\/sppnti.pl\/en\/wp-json\/wp\/v2\/media?parent=59"}],"curies":[{"name":"wp","href":"https:\/\/api.w.org\/{rel}","templated":true}]}}