{"id":510,"date":"2024-02-03T10:48:07","date_gmt":"2024-02-03T09:48:07","guid":{"rendered":"http:\/\/sppnti.pl\/?page_id=510"},"modified":"2024-02-06T11:47:13","modified_gmt":"2024-02-06T10:47:13","slug":"iei-2023-wyniki","status":"publish","type":"page","link":"https:\/\/sppnti.pl\/en\/iei-2023-wyniki\/","title":{"rendered":"IEI 2023 &#8211; WYNIKI"},"content":{"rendered":"<p>Mi\u0119dzynarodowe Jury nagrodzi\u0142o Wystawc\u00f3w nagrodami g\u0142\u00f3wnymi Wystawy w nast\u0119puj\u0105cych kategoriach:<\/p>\n\n\n\n<p><strong>IEI 2023 Grand Pri<\/strong>x<\/p>\n\n\n\n<p>Klaudia Klimaszewska, Grzegorz Gola\u0144ski, Marek Sroka, Miros\u0142awa Pawlyta, Adam Zieli\u0144ski, Hanna Purzy\u0144ska<\/p>\n\n\n\n<p>&#8222;<em>Time-temperature-precipitation diagram of heat-resistant austenitic steels<\/em>&#8222;<\/p>\n\n\n\n<p><strong>IEI 2023 Best Young Polish Innovator<\/strong><\/p>\n\n\n\n<p>Izabela Matu\u0142a, Grzegorz Dercz, Adrian Barylski, Piotr Duda<\/p>\n\n\n\n<p><em>&#8222;Functional Grade Material based on titanium and titanium-based alloys produced for potential individual implants&#8221;<\/em><\/p>\n\n\n\n<p><strong>IEI 2023 Best Young International Innovator<\/strong><\/p>\n\n\n\n<p>Theresa Marybeth Lay, Theresa Lay God\u2019s Pill<\/p>\n\n\n\n<p>&#8222;<em>Edible Holy Communion Gel Capsule<\/em>&#8222;<\/p>\n\n\n\n<p><strong>IEI 2023 Best Polish Eco-Innovator<\/strong><\/p>\n\n\n\n<p>Krystyna Mali\u0144ska, Przemys\u0142aw Postawa, Tomasz Stachowiak, Agnieszka Pude\u0142ko, Danuta Dr\u00f3\u017cd\u017c, Dorota Nowak<\/p>\n\n\n\n<p>&#8222;<em>Completely biodegradable bio-based derived plastic mulch foils with a functional inner layer<\/em>&#8222;<\/p>\n\n\n\n<p><strong>IEI 2023 Best International Eco-Innovator<\/strong><\/p>\n\n\n\n<p>Kamrosni Abdul Razak, Azliza Azani, Dewi Suriyani Che Halin, Norsuria Mahmed, Mohd Mustafa Al Bakri Abdullah, Mohd Arif Anuar<\/p>\n\n\n\n<p>&#8222;<em>Ag\/TiO<sub>2<\/sub> Thin Film: a Self Cleaning Coating<\/em>&#8222;<\/p>\n\n\n\n<p><strong>IEI 2023 Best Polish Innovator<\/strong><\/p>\n\n\n\n<p>Tomasz Ta\u0144ski, Agata \u015aliwa, Marek Sroka, Miros\u0142aw Bonek, Waldemar Kwa\u015bny<\/p>\n\n\n\n<p><em>&#8222;Innovative method of properties determination in PVD coatings using FEM<\/em>&#8222;<\/p>\n\n\n\n<p><strong>IEI 2023 Best International Innovator<\/strong><\/p>\n\n\n\n<p>Rita Mohd Said, Norainiza Saud, Flora Somidin, Anis Nadhirah Ismail, Nur Syahirah Mohamad Zaimi, Siti Hawa Mohamed Salleh, Siti Farahnabilah Muhd Amli, Mohd Izrul Izwan Ramli, Mohd Arif Anuar Mohd Salleh, Mohd Mustafa Al Bakri Abdullah<\/p>\n\n\n\n<p>&#8222;<em>Green Lead-free Sn-Cu Transient Liquid Phase Die-bonds<\/em>&#8222;<\/p>\n\n\n\n<p><\/p>\n\n\n\n<p><\/p>\n\n\n\n<p>Gratulujemy wszystkim nagrodzonym!!!<\/p>\n\n\n\n<p><\/p>\n\n\n\n<p>Galeria zdj\u0119\u0107 z Wystawy oraz dodatkowe informacje znajduj\u0105 si\u0119 pod linkiem:<\/p>\n\n\n\n<p><a href=\"https:\/\/pcz.pl\/aktualnosci\/wystawa-international-exhibition-of-innovation-iei-2023-juz-za-nami-454.html\">https:\/\/pcz.pl\/aktualnosci\/wystawa-international-exhibition-of-innovation-iei-2023-juz-za-nami-454.html<\/a><\/p>","protected":false},"excerpt":{"rendered":"<div class=\"mh-excerpt\"><p>Mi\u0119dzynarodowe Jury nagrodzi\u0142o Wystawc\u00f3w nagrodami g\u0142\u00f3wnymi Wystawy w nast\u0119puj\u0105cych kategoriach: IEI 2023 Grand Prix Klaudia Klimaszewska, Grzegorz Gola\u0144ski, Marek Sroka, Miros\u0142awa Pawlyta, Adam Zieli\u0144ski, Hanna <a class=\"mh-excerpt-more\" href=\"https:\/\/sppnti.pl\/en\/iei-2023-wyniki\/\" title=\"IEI 2023 &#8211; WYNIKI\">[&#8230;]<\/a><\/p>\n<\/div>","protected":false},"author":1,"featured_media":0,"parent":0,"menu_order":0,"comment_status":"closed","ping_status":"closed","template":"","meta":[],"_links":{"self":[{"href":"https:\/\/sppnti.pl\/en\/wp-json\/wp\/v2\/pages\/510"}],"collection":[{"href":"https:\/\/sppnti.pl\/en\/wp-json\/wp\/v2\/pages"}],"about":[{"href":"https:\/\/sppnti.pl\/en\/wp-json\/wp\/v2\/types\/page"}],"author":[{"embeddable":true,"href":"https:\/\/sppnti.pl\/en\/wp-json\/wp\/v2\/users\/1"}],"replies":[{"embeddable":true,"href":"https:\/\/sppnti.pl\/en\/wp-json\/wp\/v2\/comments?post=510"}],"version-history":[{"count":3,"href":"https:\/\/sppnti.pl\/en\/wp-json\/wp\/v2\/pages\/510\/revisions"}],"predecessor-version":[{"id":515,"href":"https:\/\/sppnti.pl\/en\/wp-json\/wp\/v2\/pages\/510\/revisions\/515"}],"wp:attachment":[{"href":"https:\/\/sppnti.pl\/en\/wp-json\/wp\/v2\/media?parent=510"}],"curies":[{"name":"wp","href":"https:\/\/api.w.org\/{rel}","templated":true}]}}