{"id":501,"date":"2023-06-26T13:20:31","date_gmt":"2023-06-26T11:20:31","guid":{"rendered":"http:\/\/sppnti.pl\/?page_id=501"},"modified":"2023-07-02T13:41:49","modified_gmt":"2023-07-02T11:41:49","slug":"program-wystawy","status":"publish","type":"page","link":"https:\/\/sppnti.pl\/en\/program-wystawy\/","title":{"rendered":"Program wystawy"},"content":{"rendered":"<p>10.30-11.00&nbsp;&nbsp; &nbsp;Rejestracja<\/p>\n\n\n\n<p>11.00-11.30&nbsp;&nbsp; Otwarcie wystawy<\/p>\n\n\n\n<p>11.30-13.30&nbsp;&nbsp; &nbsp;Referaty plenarne<\/p>\n\n\n\n<hr class=\"wp-block-separator has-alpha-channel-opacity\"\/>\n\n\n\n<p>11.30<br><strong>Professor Dr. Mohd Mustafa Al Bakri Abdullah, PTech, MMSET, AAE<\/strong><br><em>RECENT PROGRESS IN GEOPOLYMER CONSTRUCTION MATERIALS RESEARCH: PROCESSING AND PERFORMANCE<\/em><\/p>\n\n\n\n<p>11.45<br><strong>Associate Professor Ir. Dr. Mohd Arif Anuar Mohd SALLEH<\/strong><br><em>EFFECTS OF DIFFERENT SURFACE FINISH TO THE MICROSTRUCTURE AND PROPERTIES OF SN-BASED SOLDER JOINTS<\/em><\/p>\n\n\n\n<p>12.00<br><strong>Eddie Shih<\/strong><br><em>Innovative Inventions with Intellectual Property<\/em><\/p>\n\n\n\n<p>12.15<br><strong>Ir. Dr. Juyana A Wahab<\/strong><br><em>Erosion Resistance Of Laser Textured Plasma-Sprayed Al2o3-13%Tio2 Coatings On Mild Steel<\/em><\/p>\n\n\n\n<p>12.30<br><strong>Associate Professor Dr. Dewi Suriyani Che Halin<\/strong><br><em>Characterization Of SnO2\/TiO2 With The Addition Of Polyethylene Glycol Via Sol-Gel Method For Self-Cleaning Application<\/em><\/p>\n\n\n\n<p>12.45<br><strong>Dr. Nur Izzati Muhammad Nadzri<\/strong><br><em>MoNbTaW Ultra Strong High Entropy Alloy<\/em><\/p>\n\n\n\n<p>13.00<br><strong>dr in\u017c. Marcin Jarosik<\/strong>, Eurolaser Poland Sp. z o. o., Politechnika Cz\u0119stochowska<br><em>Cutting Technical Textile Materials Using a Laser Cutter with a Single Galvanometric Head<\/em><\/p>\n\n\n\n<p>13.15<br><strong>dr hab. n. med. dr n. hum. S\u0142awomir Letkiewicz<\/strong><br><em>Eksperymentalna terapia fagowa \u2013 innowacyjna metoda leczenia antybiotykoopornych zaka\u017ce\u0144 bakteryjnych<\/em><\/p>\n\n\n\n<p>13.30<br><strong>Dr. Eng. Hanna Purzy\u0144ska<\/strong><br><em>Microstructural changes and mechanical properties of Inconel 800HT alloy after long-term service<\/em><\/p>\n\n\n\n<hr class=\"wp-block-separator has-alpha-channel-opacity\"\/>\n\n\n\n<p>13.45-14.00&nbsp;&nbsp; &nbsp;Przerwa kawowa<\/p>\n\n\n\n<p>14.00-15.00&nbsp;&nbsp; &nbsp;Sesja posterowa<\/p>\n\n\n\n<p>15.00-16.30&nbsp;&nbsp; &nbsp;Zamkni\u0119cie wydarzenia i wr\u0119czenie nagr\u00f3d<\/p>","protected":false},"excerpt":{"rendered":"<div class=\"mh-excerpt\"><p>10.30-11.00&nbsp;&nbsp; &nbsp;Rejestracja 11.00-11.30&nbsp;&nbsp; Otwarcie wystawy 11.30-13.30&nbsp;&nbsp; &nbsp;Referaty plenarne 11.30Professor Dr. Mohd Mustafa Al Bakri Abdullah, PTech, MMSET, AAERECENT PROGRESS IN GEOPOLYMER CONSTRUCTION MATERIALS RESEARCH: PROCESSING <a class=\"mh-excerpt-more\" href=\"https:\/\/sppnti.pl\/en\/program-wystawy\/\" title=\"Program wystawy\">[&#8230;]<\/a><\/p>\n<\/div>","protected":false},"author":1,"featured_media":0,"parent":0,"menu_order":0,"comment_status":"closed","ping_status":"closed","template":"","meta":[],"_links":{"self":[{"href":"https:\/\/sppnti.pl\/en\/wp-json\/wp\/v2\/pages\/501"}],"collection":[{"href":"https:\/\/sppnti.pl\/en\/wp-json\/wp\/v2\/pages"}],"about":[{"href":"https:\/\/sppnti.pl\/en\/wp-json\/wp\/v2\/types\/page"}],"author":[{"embeddable":true,"href":"https:\/\/sppnti.pl\/en\/wp-json\/wp\/v2\/users\/1"}],"replies":[{"embeddable":true,"href":"https:\/\/sppnti.pl\/en\/wp-json\/wp\/v2\/comments?post=501"}],"version-history":[{"count":3,"href":"https:\/\/sppnti.pl\/en\/wp-json\/wp\/v2\/pages\/501\/revisions"}],"predecessor-version":[{"id":508,"href":"https:\/\/sppnti.pl\/en\/wp-json\/wp\/v2\/pages\/501\/revisions\/508"}],"wp:attachment":[{"href":"https:\/\/sppnti.pl\/en\/wp-json\/wp\/v2\/media?parent=501"}],"curies":[{"name":"wp","href":"https:\/\/api.w.org\/{rel}","templated":true}]}}