{"id":26,"date":"2022-02-17T14:23:40","date_gmt":"2022-02-17T13:23:40","guid":{"rendered":"http:\/\/sppnti.pl\/?page_id=26"},"modified":"2022-02-17T15:07:36","modified_gmt":"2022-02-17T14:07:36","slug":"wystawy","status":"publish","type":"page","link":"https:\/\/sppnti.pl\/en\/wystawy\/","title":{"rendered":"Wystawy"},"content":{"rendered":"<p>W 2021 roku Stowarzyszenie promowa\u0142o wynalazki polskich tw\u00f3rc\u00f3w na poni\u017cszych wystawach wynalazk\u00f3w.<\/p>\n\n\n\n<hr class=\"wp-block-separator is-style-wide\"\/>\n\n\n\n<p><a href=\"https:\/\/iperlis.weebly.com\/\">iPerlis<\/a><br>Wynalazki zg\u0142oszone przez pracownik\u00f3w Politechniki Cz\u0119stochowskiej zdoby\u0142y &#8230;<\/p>\n\n\n\n<hr class=\"wp-block-separator\"\/>\n\n\n\n<p><a href=\"https:\/\/www.tisias.org\/ican-2021.html\">iCAN<\/a><br>Wynalazki zg\u0142oszone przez pracownik\u00f3w Politechniki Cz\u0119stochowskiej zdoby\u0142y &#8230;<\/p>\n\n\n\n<hr class=\"wp-block-separator\"\/>\n\n\n\n<p><a href=\"https:\/\/www.euroinvent.org\/Report_Euroinvent_2021.pdf\">Euroinvent<\/a><br>Wynalazki zg\u0142oszone przez pracownik\u00f3w Politechniki Cz\u0119stochowskiej zdoby\u0142y &#8230;<\/p>","protected":false},"excerpt":{"rendered":"<div class=\"mh-excerpt\"><p>W 2021 roku Stowarzyszenie promowa\u0142o wynalazki polskich tw\u00f3rc\u00f3w na poni\u017cszych wystawach wynalazk\u00f3w. iPerlisWynalazki zg\u0142oszone przez pracownik\u00f3w Politechniki Cz\u0119stochowskiej zdoby\u0142y &#8230; iCANWynalazki zg\u0142oszone przez pracownik\u00f3w Politechniki <a class=\"mh-excerpt-more\" href=\"https:\/\/sppnti.pl\/en\/wystawy\/\" title=\"Wystawy\">[&#8230;]<\/a><\/p>\n<\/div>","protected":false},"author":1,"featured_media":0,"parent":0,"menu_order":0,"comment_status":"closed","ping_status":"closed","template":"","meta":[],"_links":{"self":[{"href":"https:\/\/sppnti.pl\/en\/wp-json\/wp\/v2\/pages\/26"}],"collection":[{"href":"https:\/\/sppnti.pl\/en\/wp-json\/wp\/v2\/pages"}],"about":[{"href":"https:\/\/sppnti.pl\/en\/wp-json\/wp\/v2\/types\/page"}],"author":[{"embeddable":true,"href":"https:\/\/sppnti.pl\/en\/wp-json\/wp\/v2\/users\/1"}],"replies":[{"embeddable":true,"href":"https:\/\/sppnti.pl\/en\/wp-json\/wp\/v2\/comments?post=26"}],"version-history":[{"count":4,"href":"https:\/\/sppnti.pl\/en\/wp-json\/wp\/v2\/pages\/26\/revisions"}],"predecessor-version":[{"id":50,"href":"https:\/\/sppnti.pl\/en\/wp-json\/wp\/v2\/pages\/26\/revisions\/50"}],"wp:attachment":[{"href":"https:\/\/sppnti.pl\/en\/wp-json\/wp\/v2\/media?parent=26"}],"curies":[{"name":"wp","href":"https:\/\/api.w.org\/{rel}","templated":true}]}}