{"id":152,"date":"2023-06-01T12:51:58","date_gmt":"2023-06-01T10:51:58","guid":{"rendered":"http:\/\/sppnti.pl\/?page_id=152"},"modified":"2023-06-26T13:17:03","modified_gmt":"2023-06-26T11:17:03","slug":"international-jury","status":"publish","type":"page","link":"https:\/\/sppnti.pl\/en\/international-jury\/","title":{"rendered":"International Jury"},"content":{"rendered":"<p>Assoc. Prof. Dr., <strong>Marcin Nabia\u0142ek<\/strong>, Katedra Fizyki Politechniki Cz\u0119stochowskiej<br>Assoc. Prof. Dr., <strong>Katarzyna B\u0142och<\/strong>, Katedra Fizyki Politechniki Cz\u0119stochowskiej<br>Prof. Dr. <strong>Mohd Mustafa Al Bakri ABDULLAH<\/strong>,\u00a0Universiti Malaysia Perlis &amp; Malaysian Research &amp; Innovation Society (Malaysia)<br>Assoc. Prof. Dr. <strong>Andrei Victor Sandu<\/strong>,\u00a0Gheorghe Asachi Technical University of Iasi (Romania)<br>Dr hab. in\u017c. <strong>Grzegorz Gola\u0144ski<\/strong>, prof. PCz, Politechnika Cz\u0119stochowska, PL<br><strong>Meitriana Nurelifah N.<\/strong>, Indonesia<br>Dr hab. in\u017c. <strong>Przemys\u0142aw Postawa<\/strong>, prof. PCz, Czestochowa University of Technology, PL<br>Dr in\u017c. <strong>Sebastian Garus<\/strong>, Czestochowa University of Technology, PL<br><strong>Lee, Ju Hyung<\/strong>, Korea<br>Dr hab. in\u017c. <strong>Marek Sroka<\/strong>, Silesian University of Technology, PL<br><strong>Bulent Kavakli<\/strong>, Turkey<br><strong>Phan Quoc Nguyen<\/strong>, Vietnam<br><strong>Mithona Luy<\/strong>, Cambodia<br><strong>Moonsuk Chang<\/strong>, Canada<br>Dr hab. <strong>Agata \u015aliwa<\/strong>, prof. P\u015a, Politechnika \u015al\u0105ska, PL<br><\/p>","protected":false},"excerpt":{"rendered":"<div class=\"mh-excerpt\"><p>Assoc. Prof. Dr., Marcin Nabia\u0142ek, Katedra Fizyki Politechniki Cz\u0119stochowskiejAssoc. Prof. Dr., Katarzyna B\u0142och, Katedra Fizyki Politechniki Cz\u0119stochowskiejProf. Dr. Mohd Mustafa Al Bakri ABDULLAH,\u00a0Universiti Malaysia Perlis <a class=\"mh-excerpt-more\" href=\"https:\/\/sppnti.pl\/en\/international-jury\/\" title=\"International Jury\">[&#8230;]<\/a><\/p>\n<\/div>","protected":false},"author":1,"featured_media":0,"parent":0,"menu_order":0,"comment_status":"closed","ping_status":"closed","template":"","meta":[],"_links":{"self":[{"href":"https:\/\/sppnti.pl\/en\/wp-json\/wp\/v2\/pages\/152"}],"collection":[{"href":"https:\/\/sppnti.pl\/en\/wp-json\/wp\/v2\/pages"}],"about":[{"href":"https:\/\/sppnti.pl\/en\/wp-json\/wp\/v2\/types\/page"}],"author":[{"embeddable":true,"href":"https:\/\/sppnti.pl\/en\/wp-json\/wp\/v2\/users\/1"}],"replies":[{"embeddable":true,"href":"https:\/\/sppnti.pl\/en\/wp-json\/wp\/v2\/comments?post=152"}],"version-history":[{"count":6,"href":"https:\/\/sppnti.pl\/en\/wp-json\/wp\/v2\/pages\/152\/revisions"}],"predecessor-version":[{"id":500,"href":"https:\/\/sppnti.pl\/en\/wp-json\/wp\/v2\/pages\/152\/revisions\/500"}],"wp:attachment":[{"href":"https:\/\/sppnti.pl\/en\/wp-json\/wp\/v2\/media?parent=152"}],"curies":[{"name":"wp","href":"https:\/\/api.w.org\/{rel}","templated":true}]}}